{"id":221,"date":"2026-02-13T09:11:48","date_gmt":"2026-02-13T08:11:48","guid":{"rendered":"https:\/\/www.estimer-ma-maison.immo\/index.php\/home\/"},"modified":"2026-02-13T15:43:29","modified_gmt":"2026-02-13T14:43:29","slug":"home","status":"publish","type":"page","link":"https:\/\/www.estimer-ma-maison.immo\/","title":{"rendered":"Home"},"content":{"rendered":"\t\t<div data-elementor-type=\"wp-page\" data-elementor-id=\"221\" class=\"elementor elementor-221\">\n\t\t\t\t<div class=\"elementor-element elementor-element-d5cfde3 e-flex e-con-boxed e-con e-parent\" data-id=\"d5cfde3\" data-element_type=\"container\" data-e-type=\"container\" data-settings=\"{&quot;background_background&quot;:&quot;slideshow&quot;,&quot;background_slideshow_gallery&quot;:[{&quot;id&quot;:17,&quot;url&quot;:&quot;https:\\\/\\\/www.estimer-ma-maison.immo\\\/wp-content\\\/uploads\\\/2024\\\/07\\\/estimation-cassis.png&quot;},{&quot;id&quot;:26,&quot;url&quot;:&quot;https:\\\/\\\/www.estimer-ma-maison.immo\\\/wp-content\\\/uploads\\\/2024\\\/07\\\/villaestim.jpg&quot;},{&quot;id&quot;:248,&quot;url&quot;:&quot;https:\\\/\\\/www.estimer-ma-maison.immo\\\/wp-content\\\/uploads\\\/2026\\\/02\\\/0602435242570-web-tete.jpg&quot;}],&quot;background_slideshow_loop&quot;:&quot;yes&quot;,&quot;background_slideshow_slide_duration&quot;:5000,&quot;background_slideshow_slide_transition&quot;:&quot;fade&quot;,&quot;background_slideshow_transition_duration&quot;:500}\">\n\t\t\t\t\t<div class=\"e-con-inner\">\n\t\t\t\t<div class=\"elementor-element elementor-element-d2e221e elementor-widget__width-initial elementor-widget elementor-widget-html\" data-id=\"d2e221e\" data-element_type=\"widget\" data-e-type=\"widget\" data-widget_type=\"html.default\">\n\t\t\t\t<div class=\"elementor-widget-container\">\n\t\t\t\t\t<iframe id=\"fisher-widget\"><\/iframe>\r\n\r\n<script src=\"https:\/\/fisher-v2.pricehubble.com\/constructor\/widget.js\"><\/script>\r\n<script type=\"text\/javascript\">\r\n  FisherWidget.init({\r\n    apiKey: 'KFYSGSw5T4MbOpVmS2dczWa2Ho6wCHa0',\r\n    iframe: '#fisher-widget',\r\n    primaryColor: '7,52,95',\r\n    lang: 'fr',\r\n    gaTrackingId: 'G-C9ZKCBD8WY',\r\n    titleSettings: {\r\n         status: 'custom',\r\n         title: ' \u00c9valuez votre bien immobilier gratuitement en 2 minutes',\r\n         subtitle: 'Recevez le r\u00e9sultat instantan\u00e9ment dans votre boite mail. ',\r\n    },\r\n    consentGranted: true,\r\n    host: 'https:\/\/fisher-v2.pricehubble.com',\r\n  });\r\n<\/script>\r\n\r\n<style>\r\n  iframe#fisher-widget {\r\n    width: 100%;\r\n    border-radius: 20px;\r\n  }\r\n<\/style>\t\t\t\t<\/div>\n\t\t\t\t<\/div>\n\t\t\t\t\t<\/div>\n\t\t\t\t<\/div>\n\t\t<div class=\"elementor-element elementor-element-76b52626 e-flex e-con-boxed e-con e-parent\" data-id=\"76b52626\" data-element_type=\"container\" data-e-type=\"container\">\n\t\t\t\t\t<div class=\"e-con-inner\">\n\t\t\t\t<div class=\"elementor-element elementor-element-ccbb979 elementor-widget elementor-widget-heading\" data-id=\"ccbb979\" data-element_type=\"widget\" data-e-type=\"widget\" data-widget_type=\"heading.default\">\n\t\t\t\t<div class=\"elementor-widget-container\">\n\t\t\t\t\t<h2 class=\"elementor-heading-title elementor-size-default\">Votre estimation<\/h2>\t\t\t\t<\/div>\n\t\t\t\t<\/div>\n\t\t<div class=\"elementor-element elementor-element-b2d7dbe e-con-full e-flex e-con e-child\" data-id=\"b2d7dbe\" data-element_type=\"container\" data-e-type=\"container\">\n\t\t\t\t<div class=\"elementor-element elementor-element-43ed2439 elementor-widget-tablet__width-initial elementor-widget-mobile__width-inherit elementor-widget__width-initial elementor-position-top elementor-widget elementor-widget-image-box\" data-id=\"43ed2439\" data-element_type=\"widget\" data-e-type=\"widget\" data-widget_type=\"image-box.default\">\n\t\t\t\t<div class=\"elementor-widget-container\">\n\t\t\t\t\t<div class=\"elementor-image-box-wrapper\"><figure class=\"elementor-image-box-img\"><img fetchpriority=\"high\" fetchpriority=\"high\" decoding=\"async\" width=\"1039\" height=\"1039\" src=\"https:\/\/www.estimer-ma-maison.immo\/wp-content\/uploads\/2026\/02\/rapide.png\" class=\"elementor-animation-grow attachment-full size-full wp-image-265\" alt=\"\" srcset=\"https:\/\/www.estimer-ma-maison.immo\/wp-content\/uploads\/2026\/02\/rapide.png 1039w, https:\/\/www.estimer-ma-maison.immo\/wp-content\/uploads\/2026\/02\/rapide-980x980.png 980w, https:\/\/www.estimer-ma-maison.immo\/wp-content\/uploads\/2026\/02\/rapide-480x480.png 480w\" sizes=\"(min-width: 0px) and (max-width: 480px) 480px, (min-width: 481px) and (max-width: 980px) 980px, (min-width: 981px) 1039px, 100vw\" \/><\/figure><div class=\"elementor-image-box-content\"><h4 class=\"elementor-image-box-title\">Imm\u00e9diate<\/h4><p class=\"elementor-image-box-description\">R\u00e9pondez au questionnaire et obtenez instantan\u00e9ment sa valeur dans votre boite mail.<\/p><\/div><\/div>\t\t\t\t<\/div>\n\t\t\t\t<\/div>\n\t\t\t\t<div class=\"elementor-element elementor-element-3afe9b04 elementor-widget-tablet__width-initial elementor-widget-mobile__width-inherit elementor-widget__width-initial elementor-position-top elementor-widget elementor-widget-image-box\" data-id=\"3afe9b04\" data-element_type=\"widget\" data-e-type=\"widget\" data-widget_type=\"image-box.default\">\n\t\t\t\t<div class=\"elementor-widget-container\">\n\t\t\t\t\t<div class=\"elementor-image-box-wrapper\"><figure class=\"elementor-image-box-img\"><img decoding=\"async\" width=\"1039\" height=\"1039\" src=\"https:\/\/www.estimer-ma-maison.immo\/wp-content\/uploads\/2026\/02\/gratuit.png\" class=\"elementor-animation-grow attachment-full size-full wp-image-266\" alt=\"\" srcset=\"https:\/\/www.estimer-ma-maison.immo\/wp-content\/uploads\/2026\/02\/gratuit.png 1039w, https:\/\/www.estimer-ma-maison.immo\/wp-content\/uploads\/2026\/02\/gratuit-980x980.png 980w, https:\/\/www.estimer-ma-maison.immo\/wp-content\/uploads\/2026\/02\/gratuit-480x480.png 480w\" sizes=\"(min-width: 0px) and (max-width: 480px) 480px, (min-width: 481px) and (max-width: 980px) 980px, (min-width: 981px) 1039px, 100vw\" \/><\/figure><div class=\"elementor-image-box-content\"><h4 class=\"elementor-image-box-title\">Gratuite<\/h4><p class=\"elementor-image-box-description\">B\u00e9n\u00e9ficiez gratuitement d\u2019une estimation de qualit\u00e9 sans engagement de votre part.<\/p><\/div><\/div>\t\t\t\t<\/div>\n\t\t\t\t<\/div>\n\t\t\t\t<div class=\"elementor-element elementor-element-4013ea92 elementor-widget-tablet__width-initial elementor-widget-mobile__width-inherit elementor-widget__width-initial elementor-position-top elementor-widget elementor-widget-image-box\" data-id=\"4013ea92\" data-element_type=\"widget\" data-e-type=\"widget\" data-widget_type=\"image-box.default\">\n\t\t\t\t<div class=\"elementor-widget-container\">\n\t\t\t\t\t<div class=\"elementor-image-box-wrapper\"><figure class=\"elementor-image-box-img\"><img decoding=\"async\" width=\"1039\" height=\"1039\" src=\"https:\/\/www.estimer-ma-maison.immo\/wp-content\/uploads\/2026\/02\/fiable.png\" class=\"elementor-animation-grow attachment-full size-full wp-image-267\" alt=\"\" srcset=\"https:\/\/www.estimer-ma-maison.immo\/wp-content\/uploads\/2026\/02\/fiable.png 1039w, https:\/\/www.estimer-ma-maison.immo\/wp-content\/uploads\/2026\/02\/fiable-980x980.png 980w, https:\/\/www.estimer-ma-maison.immo\/wp-content\/uploads\/2026\/02\/fiable-480x480.png 480w\" sizes=\"(min-width: 0px) and (max-width: 480px) 480px, (min-width: 481px) and (max-width: 980px) 980px, (min-width: 981px) 1039px, 100vw\" \/><\/figure><div class=\"elementor-image-box-content\"><h4 class=\"elementor-image-box-title\">Fiable et \u00e0 jour !<\/h4><p class=\"elementor-image-box-description\">Nous utilisons le meilleur du big data et de l\u2019IA pour fournir des estimations immobili\u00e8res les plus fines du march\u00e9s immobilier.<\/p><\/div><\/div>\t\t\t\t<\/div>\n\t\t\t\t<\/div>\n\t\t\t\t<\/div>\n\t\t\t\t\t<\/div>\n\t\t\t\t<\/div>\n\t\t<div class=\"elementor-element elementor-element-2b03c396 e-flex e-con-boxed e-con e-parent\" data-id=\"2b03c396\" data-element_type=\"container\" data-e-type=\"container\" id=\"next\">\n\t\t\t\t\t<div class=\"e-con-inner\">\n\t\t\t\t<div class=\"elementor-element elementor-element-44aa885 elementor-widget elementor-widget-text-editor\" data-id=\"44aa885\" data-element_type=\"widget\" data-e-type=\"widget\" data-widget_type=\"text-editor.default\">\n\t\t\t\t<div class=\"elementor-widget-container\">\n\t\t\t\t\t\t\t\t\t<ul><li>Vous envisagez de vendre votre bien immobilier ? Que ce soit une maison ou un appartement, l&rsquo;<a href=\"https:\/\/www.provensa.immo\/estimer-mon-bien\/\">estimation de sa valeur<\/a> est une \u00e9tape cruciale. D\u00e9couvrez les m\u00e9thodes et crit\u00e8res \u00e0 prendre en compte pour obtenir une \u00e9valuation pr\u00e9cise de votre propri\u00e9t\u00e9.<\/li><\/ul><p>\u00a0<\/p><h2 class=\"whitespace-pre-wrap break-words\">L&rsquo;estimation d&rsquo;une maison : les facteurs cl\u00e9s<\/h2><p class=\"whitespace-pre-wrap break-words\">Pour estimer la valeur d&rsquo;une maison, plusieurs \u00e9l\u00e9ments entrent en jeu :<\/p><p>Le march\u00e9 immobilier local<\/p><p>La surface habitable<\/p><p>L&rsquo;\u00e9tat g\u00e9n\u00e9ral du bien<\/p><p>Le nombre de pi\u00e8ces<\/p><p>Les \u00e9ventuels travaux \u00e0 pr\u00e9voir<\/p><p>L&rsquo;environnement proche<\/p><p class=\"whitespace-pre-wrap break-words\">Bien que vous puissiez r\u00e9aliser une estimation gratuite par vous-m\u00eame, il est fortement recommand\u00e9 de faire appel \u00e0 un professionnel de l&rsquo;immobilier. Ce dernier pourra :<\/p><ul class=\"-mt-1 list-disc space-y-2 pl-8\"><li class=\"whitespace-normal break-words\"><a href=\"https:\/\/app.dvf.etalab.gouv.fr\/\">Comparer les prix de vente des biens similaires dans le quartier<\/a><\/li><li class=\"whitespace-normal break-words\">Proposer une marge de n\u00e9gociation adapt\u00e9e<\/li><li class=\"whitespace-normal break-words\">\u00c9laborer une strat\u00e9gie de vente personnalis\u00e9e<\/li><\/ul><p>\u00a0<\/p><h2 class=\"whitespace-pre-wrap break-words\">L&rsquo;estimation d&rsquo;un appartement : des sp\u00e9cificit\u00e9s \u00e0 consid\u00e9rer<\/h2><p class=\"whitespace-pre-wrap break-words\">L&rsquo;\u00e9valuation d&rsquo;un appartement pr\u00e9sente quelques particularit\u00e9s par rapport \u00e0 celle d&rsquo;une maison. En plus des crit\u00e8res mentionn\u00e9s pr\u00e9c\u00e9demment, il faut prendre en compte :<\/p><ol class=\"-mt-1 list-decimal space-y-2 pl-8\"><li class=\"whitespace-normal break-words\">Les \u00e9quipements collectifs de l&rsquo;immeuble (ascenseur, aire de jeux, gardiennage, piscine, etc.)<\/li><li class=\"whitespace-normal break-words\">L&rsquo;\u00e9tage de l&rsquo;appartement (rez-de-chauss\u00e9e, \u00e9tage bas ou \u00e9lev\u00e9)<\/li><li class=\"whitespace-normal break-words\">La pr\u00e9sence et le type d&rsquo;espace ext\u00e9rieur (balcon, terrasse, jardin privatif)<\/li><\/ol><p class=\"whitespace-pre-wrap break-words\">Les outils d&rsquo;estimation en ligne int\u00e8grent g\u00e9n\u00e9ralement ces crit\u00e8res sp\u00e9cifiques pour fournir une \u00e9valuation plus pr\u00e9cise des appartements.<\/p>\t\t\t\t\t\t\t\t<\/div>\n\t\t\t\t<\/div>\n\t\t\t\t\t<\/div>\n\t\t\t\t<\/div>\n\t\t<div class=\"elementor-element elementor-element-4c3cac6b e-flex e-con-boxed e-con e-parent\" data-id=\"4c3cac6b\" data-element_type=\"container\" data-e-type=\"container\">\n\t\t\t\t\t<div class=\"e-con-inner\">\n\t\t<div class=\"elementor-element elementor-element-34530233 e-con-full e-flex e-con e-child\" data-id=\"34530233\" data-element_type=\"container\" data-e-type=\"container\" data-settings=\"{&quot;background_background&quot;:&quot;classic&quot;}\">\n\t\t\t\t<\/div>\n\t\t<div class=\"elementor-element elementor-element-38737bf9 e-con-full e-flex e-con e-child\" data-id=\"38737bf9\" data-element_type=\"container\" data-e-type=\"container\">\n\t\t\t\t<div class=\"elementor-element elementor-element-3e691c69 elementor-widget elementor-widget-text-editor\" data-id=\"3e691c69\" data-element_type=\"widget\" data-e-type=\"widget\" data-widget_type=\"text-editor.default\">\n\t\t\t\t<div class=\"elementor-widget-container\">\n\t\t\t\t\t\t\t\t\t<p class=\"whitespace-pre-wrap break-words\" style=\"font-size: 16px; background-color: #ffffff;\">Que vous soyez propri\u00e9taire d&rsquo;une maison ou d&rsquo;un appartement, une estimation pr\u00e9cise est essentielle pour fixer le bon prix de vente. Bien que les outils en ligne puissent donner une premi\u00e8re id\u00e9e, rien ne remplace l&rsquo;expertise d&rsquo;un professionnel de l&rsquo;immobilier pour obtenir une \u00e9valuation fiable et \u00e9laborer une strat\u00e9gie de vente efficace.<\/p><p class=\"whitespace-pre-wrap break-words\" style=\"font-size: 16px; background-color: #ffffff;\">N&rsquo;h\u00e9sitez pas \u00e0 combiner ces diff\u00e9rentes m\u00e9thodes d&rsquo;estimation pour avoir une vision globale de la valeur de votre bien immobilier et optimiser vos chances de r\u00e9aliser une vente r\u00e9ussie.<\/p>\t\t\t\t\t\t\t\t<\/div>\n\t\t\t\t<\/div>\n\t\t\t\t<\/div>\n\t\t\t\t\t<\/div>\n\t\t\t\t<\/div>\n\t\t<div class=\"elementor-element elementor-element-7ec971ec e-flex e-con-boxed e-con e-parent\" data-id=\"7ec971ec\" data-element_type=\"container\" data-e-type=\"container\">\n\t\t\t\t\t<div class=\"e-con-inner\">\n\t\t\t\t<div class=\"elementor-element elementor-element-6abcc723 elementor-widget elementor-widget-heading\" data-id=\"6abcc723\" data-element_type=\"widget\" data-e-type=\"widget\" data-widget_type=\"heading.default\">\n\t\t\t\t<div class=\"elementor-widget-container\">\n\t\t\t\t\t<h2 class=\"elementor-heading-title elementor-size-default\">Client Testimonials<\/h2>\t\t\t\t<\/div>\n\t\t\t\t<\/div>\n\t\t<div class=\"elementor-element elementor-element-3e87c6c2 e-con-full e-flex e-con e-child\" data-id=\"3e87c6c2\" data-element_type=\"container\" data-e-type=\"container\">\n\t\t\t\t<div class=\"elementor-element elementor-element-240c4796 elementor-widget__width-initial elementor-widget-tablet__width-inherit elementor-widget elementor-widget-testimonial\" data-id=\"240c4796\" data-element_type=\"widget\" data-e-type=\"widget\" data-widget_type=\"testimonial.default\">\n\t\t\t\t<div class=\"elementor-widget-container\">\n\t\t\t\t\t\t\t<div class=\"elementor-testimonial-wrapper\">\n\t\t\t\t\t\t\t<div class=\"elementor-testimonial-content\">\u201cA testimonial from a client who benefited from your product or service. Testimonials can be a highly effective way of establishing credibility and increasing your company's reputation.\u201d<\/div>\n\t\t\t\n\t\t\t\t\t\t<div class=\"elementor-testimonial-meta elementor-has-image elementor-testimonial-image-position-aside\">\n\t\t\t\t<div class=\"elementor-testimonial-meta-inner\">\n\t\t\t\t\t\t\t\t\t\t\t<div class=\"elementor-testimonial-image\">\n\t\t\t\t\t\t\t<img loading=\"lazy\" loading=\"lazy\" decoding=\"async\" width=\"63\" height=\"63\" src=\"https:\/\/www.estimer-ma-maison.immo\/wp-content\/uploads\/2026\/02\/63x63.jpg\" class=\"attachment-full size-full wp-image-211\" alt=\"\" \/>\t\t\t\t\t\t<\/div>\n\t\t\t\t\t\n\t\t\t\t\t\t\t\t\t\t<div class=\"elementor-testimonial-details\">\n\t\t\t\t\t\t\t\t\t\t\t\t\t\t<div class=\"elementor-testimonial-name\">Client Name<\/div>\n\t\t\t\t\t\t\t\t\t\t\t\t\t\t\t\t\t\t\t<\/div>\n\t\t\t\t\t\t\t\t\t<\/div>\n\t\t\t<\/div>\n\t\t\t\t\t<\/div>\n\t\t\t\t\t\t<\/div>\n\t\t\t\t<\/div>\n\t\t\t\t<div class=\"elementor-element elementor-element-63e03c6 elementor-widget__width-initial elementor-widget-tablet__width-inherit elementor-widget elementor-widget-testimonial\" data-id=\"63e03c6\" data-element_type=\"widget\" data-e-type=\"widget\" data-widget_type=\"testimonial.default\">\n\t\t\t\t<div class=\"elementor-widget-container\">\n\t\t\t\t\t\t\t<div class=\"elementor-testimonial-wrapper\">\n\t\t\t\t\t\t\t<div class=\"elementor-testimonial-content\">\u201cA testimonial from a client who benefited from your product or service. Testimonials can be a highly effective way of establishing credibility and increasing your company's reputation.\u201d<\/div>\n\t\t\t\n\t\t\t\t\t\t<div class=\"elementor-testimonial-meta elementor-has-image elementor-testimonial-image-position-aside\">\n\t\t\t\t<div class=\"elementor-testimonial-meta-inner\">\n\t\t\t\t\t\t\t\t\t\t\t<div class=\"elementor-testimonial-image\">\n\t\t\t\t\t\t\t<img loading=\"lazy\" loading=\"lazy\" decoding=\"async\" width=\"63\" height=\"63\" src=\"https:\/\/www.estimer-ma-maison.immo\/wp-content\/uploads\/2026\/02\/63x63.jpg\" class=\"attachment-full size-full wp-image-211\" alt=\"\" \/>\t\t\t\t\t\t<\/div>\n\t\t\t\t\t\n\t\t\t\t\t\t\t\t\t\t<div class=\"elementor-testimonial-details\">\n\t\t\t\t\t\t\t\t\t\t\t\t\t\t<div class=\"elementor-testimonial-name\">Client Name<\/div>\n\t\t\t\t\t\t\t\t\t\t\t\t\t\t\t\t\t\t\t<\/div>\n\t\t\t\t\t\t\t\t\t<\/div>\n\t\t\t<\/div>\n\t\t\t\t\t<\/div>\n\t\t\t\t\t\t<\/div>\n\t\t\t\t<\/div>\n\t\t\t\t<div class=\"elementor-element elementor-element-7ff56a9e elementor-widget__width-initial elementor-widget-tablet__width-inherit elementor-widget elementor-widget-testimonial\" data-id=\"7ff56a9e\" data-element_type=\"widget\" data-e-type=\"widget\" data-widget_type=\"testimonial.default\">\n\t\t\t\t<div class=\"elementor-widget-container\">\n\t\t\t\t\t\t\t<div class=\"elementor-testimonial-wrapper\">\n\t\t\t\t\t\t\t<div class=\"elementor-testimonial-content\">\u201cA testimonial from a client who benefited from your product or service. Testimonials can be a highly effective way of establishing credibility and increasing your company's reputation.\u201d<\/div>\n\t\t\t\n\t\t\t\t\t\t<div class=\"elementor-testimonial-meta elementor-has-image elementor-testimonial-image-position-aside\">\n\t\t\t\t<div class=\"elementor-testimonial-meta-inner\">\n\t\t\t\t\t\t\t\t\t\t\t<div class=\"elementor-testimonial-image\">\n\t\t\t\t\t\t\t<img loading=\"lazy\" loading=\"lazy\" decoding=\"async\" width=\"63\" height=\"63\" src=\"https:\/\/www.estimer-ma-maison.immo\/wp-content\/uploads\/2026\/02\/63x63.jpg\" class=\"attachment-full size-full wp-image-211\" alt=\"\" \/>\t\t\t\t\t\t<\/div>\n\t\t\t\t\t\n\t\t\t\t\t\t\t\t\t\t<div class=\"elementor-testimonial-details\">\n\t\t\t\t\t\t\t\t\t\t\t\t\t\t<div class=\"elementor-testimonial-name\">Client Name<\/div>\n\t\t\t\t\t\t\t\t\t\t\t\t\t\t\t\t\t\t\t<\/div>\n\t\t\t\t\t\t\t\t\t<\/div>\n\t\t\t<\/div>\n\t\t\t\t\t<\/div>\n\t\t\t\t\t\t<\/div>\n\t\t\t\t<\/div>\n\t\t\t\t<\/div>\n\t\t\t\t\t<\/div>\n\t\t\t\t<\/div>\n\t\t<div class=\"elementor-element elementor-element-20e5e15 e-flex e-con-boxed e-con e-parent\" data-id=\"20e5e15\" data-element_type=\"container\" data-e-type=\"container\">\n\t\t\t\t\t<div class=\"e-con-inner\">\n\t\t\t\t\t<\/div>\n\t\t\t\t<\/div>\n\t\t<div class=\"elementor-element elementor-element-29e8aaf e-flex e-con-boxed e-con e-parent\" data-id=\"29e8aaf\" data-element_type=\"container\" data-e-type=\"container\">\n\t\t\t\t\t<div class=\"e-con-inner\">\n\t\t\t\t<div class=\"elementor-element elementor-element-bb737c3 elementor-widget elementor-widget-html\" data-id=\"bb737c3\" data-element_type=\"widget\" data-e-type=\"widget\" data-widget_type=\"html.default\">\n\t\t\t\t<div class=\"elementor-widget-container\">\n\t\t\t\t\t | <a href=\"https:\/\/www.provensa.immo\/bareme\/\">Bar\u00e8me<\/a> | <a href=\"https:\/\/www.provensa.immo\/politique-de-confidentialite-donnees-personnelles\/\">Confidentialit\u00e9<\/a> | <a href=\"https:\/\/www.provensa.immo\/mentions-legales\/\">Mentions l\u00e9gales<\/a>\t\t\t\t<\/div>\n\t\t\t\t<\/div>\n\t\t\t\t\t<\/div>\n\t\t\t\t<\/div>\n\t\t\t\t<\/div>\n\t\t","protected":false},"excerpt":{"rendered":"<p>Votre estimation Imm\u00e9diate R\u00e9pondez au questionnaire et obtenez instantan\u00e9ment sa valeur dans votre boite mail. Gratuite B\u00e9n\u00e9ficiez gratuitement d\u2019une estimation de qualit\u00e9 sans engagement de votre part. Fiable et \u00e0 jour ! Nous utilisons le meilleur du big data et de l\u2019IA pour fournir des estimations immobili\u00e8res les plus fines du march\u00e9s immobilier. Vous envisagez [&hellip;]<\/p>\n","protected":false},"author":1,"featured_media":226,"parent":0,"menu_order":0,"comment_status":"closed","ping_status":"closed","template":"elementor_header_footer","meta":{"_et_pb_use_builder":"","_et_pb_old_content":"","_et_gb_content_width":"","_monsterinsights_skip_tracking":false,"_monsterinsights_sitenote_active":false,"_monsterinsights_sitenote_note":"","_monsterinsights_sitenote_category":0,"footnotes":""},"class_list":["post-221","page","type-page","status-publish","has-post-thumbnail","hentry"],"aioseo_notices":[],"_links":{"self":[{"href":"https:\/\/www.estimer-ma-maison.immo\/index.php\/wp-json\/wp\/v2\/pages\/221","targetHints":{"allow":["GET"]}}],"collection":[{"href":"https:\/\/www.estimer-ma-maison.immo\/index.php\/wp-json\/wp\/v2\/pages"}],"about":[{"href":"https:\/\/www.estimer-ma-maison.immo\/index.php\/wp-json\/wp\/v2\/types\/page"}],"author":[{"embeddable":true,"href":"https:\/\/www.estimer-ma-maison.immo\/index.php\/wp-json\/wp\/v2\/users\/1"}],"replies":[{"embeddable":true,"href":"https:\/\/www.estimer-ma-maison.immo\/index.php\/wp-json\/wp\/v2\/comments?post=221"}],"version-history":[{"count":49,"href":"https:\/\/www.estimer-ma-maison.immo\/index.php\/wp-json\/wp\/v2\/pages\/221\/revisions"}],"predecessor-version":[{"id":299,"href":"https:\/\/www.estimer-ma-maison.immo\/index.php\/wp-json\/wp\/v2\/pages\/221\/revisions\/299"}],"wp:featuredmedia":[{"embeddable":true,"href":"https:\/\/www.estimer-ma-maison.immo\/index.php\/wp-json\/wp\/v2\/media\/226"}],"wp:attachment":[{"href":"https:\/\/www.estimer-ma-maison.immo\/index.php\/wp-json\/wp\/v2\/media?parent=221"}],"curies":[{"name":"wp","href":"https:\/\/api.w.org\/{rel}","templated":true}]}}